{"id":3328,"date":"2025-06-02T07:23:09","date_gmt":"2025-06-02T07:23:09","guid":{"rendered":"http:\/\/localhost:3000\/product\/dualtron-spider\/"},"modified":"2025-06-02T07:23:28","modified_gmt":"2025-06-02T07:23:28","slug":"dualtron-spider","status":"publish","type":"product","link":"https:\/\/dronvictory.com\/pl\/produkt\/dualtron-spider\/","title":{"rendered":"Paj\u0105k DUALTRON"},"content":{"rendered":"<div data-elementor-type=\"wp-post\" data-elementor-id=\"14715\" class=\"elementor elementor-14715 elementor-10260\" data-elementor-post-type=\"product\">\n<section class=\"xts-negative-gap elementor-section elementor-top-section elementor-element elementor-element-c6a51af elementor-section-boxed elementor-section-height-default elementor-section-height-default xts-section-disabled\" data-id=\"c6a51af\" data-element_type=\"section\">\n<div class=\"elementor-container elementor-column-gap-default\">\n<div class=\"elementor-column elementor-col-100 elementor-top-column elementor-element elementor-element-d3eb866\" data-id=\"d3eb866\" data-element_type=\"column\">\n<div class=\"elementor-widget-wrap elementor-element-populated\">\n<div class=\"elementor-element elementor-element-e167085 elementor-widget elementor-widget-heading\" data-id=\"e167085\" data-element_type=\"widget\" data-widget_type=\"heading.default\">\n<div class=\"elementor-widget-container\">\n<style>\/*! elementor - v3.20.0 - 20-03-2024 *\/\n.elementor-heading-title{padding:0;margin:0;line-height:1}.elementor-widget-heading .elementor-heading-title[class*=elementor-size-]>a{color:inherit;font-size:inherit;line-height:inherit}.elementor-widget-heading .elementor-heading-title.elementor-size-small{font-size:15px}.elementor-widget-heading .elementor-heading-title.elementor-size-medium{font-size:19px}.elementor-widget-heading .elementor-heading-title.elementor-size-large{font-size:29px}.elementor-widget-heading .elementor-heading-title.elementor-size-xl{font-size:39px}.elementor-widget-heading .elementor-heading-title.elementor-size-xxl{font-size:59px}<\/style>\n<h2 class=\"elementor-heading-title elementor-size-default\">Paj\u0105k DUALTRON<\/h2>\n<\/p><\/div>\n<\/p><\/div>\n<\/p><\/div>\n<\/p><\/div>\n<\/p><\/div>\n<\/section>\n<section class=\"xts-negative-gap elementor-section elementor-top-section elementor-element elementor-element-287288f elementor-section-boxed elementor-section-height-default elementor-section-height-default xts-section-disabled\" data-id=\"287288f\" data-element_type=\"section\">\n<div class=\"elementor-container elementor-column-gap-default\">\n<div class=\"elementor-column elementor-col-100 elementor-top-column elementor-element elementor-element-784eab0\" data-id=\"784eab0\" data-element_type=\"column\">\n<div class=\"elementor-widget-wrap elementor-element-populated\">\n<div class=\"elementor-element elementor-element-4a9b5a3 elementor-widget elementor-widget-xts_title\" data-id=\"4a9b5a3\" data-element_type=\"widget\" data-widget_type=\"xts_title.default\">\n<div class=\"elementor-widget-container\">\n<div class=\"xts-section-heading xts-reset-mb-10 xts-reset-last xts-textalign-left\" data-animation-delay=\"\">\n<div class=\"xts-section-desc\">\n<div class=\"xts-section-desc-text xts-reset-all-last\" data-elementor-setting-key=\"description\">\n<p>DUALTRON Spider \u2013 Dualtron Spider na 10-tolliste liste lamellrehvidega, mis saavad h\u00f5lpsalt hakkama mis tahes teepinnaga. Koos v\u00f5imsa elektrimootoriga, mille tippv\u00f5imsus on 3600w, suudab patrz saavutada kiirust kuni 65 km\/h ja l\u00e4bida kuni 50 km.<\/p>\n<p>Kaks ketaspidurit v\u00f5imaldavad kiirelt, mugavalt ja ohutult pidurdada ettearvamatus olukorras. Pidurihoovad na roolil ning na piisavalt tundlikud.<\/p>\n<p>Tegemist na p\u00f5hierinevusega analoogversionist ning teeb Selle mudeli eksklusiivseks! Dualtron Spider na varustatud 60W 2100WH Li-Ion mo\u017cna zobaczy\u0107 na 40% rohkem kui kergendatud wersji. T\u00e4islaadimine v\u00f5imaldab s\u00f5ita kuni 50 km, mis on seda t\u00fc\u00fcpi elektritranspordi puhul muljetavaldav n\u00e4itaja.<\/p>\n<p>T\u00f5ukerattas on varustatud kahe v\u00f5imsa 1600 W mootor-rattaga, mis nelikveo re\u017eiimis annavad tippv\u00e4\u00e4rtuseks kuni 3600 W. Sellest v\u00f5imsusest piisab, et elektrit\u00f5ukeratas kiirendaks 65 km\/h przez 6 sekundiga.<\/p>\n<p>LED ko\u015blawo\u015bci roolile i dekile. Multifunktsionaalne LED-ekraan s\u00f5rmej\u00e4lje lisamise v\u00f5imalusega. Esi- ja tagatuli ning pidurituli. 10-p\u0142atne turvisega torurehvid, mis sobivad suurep\u00e4raselt nii linnas s\u00f5itmiseks kui ka kergeks maastikul s\u00f5itmiseks.<\/p>\n<p>Dualtron Spider elektrit\u00f5ukeratas na varustatud kerge ja samas tugeva kokkupanemise mehhanismiga, t\u00e4nu millele saab seda panna auto pagasiruumi v\u00f5i transportida liftis.<\/p>\n<\/p><\/div>\n<\/p><\/div>\n<\/p><\/div>\n<\/p><\/div>\n<\/p><\/div>\n<\/p><\/div>\n<\/p><\/div>\n<\/p><\/div>\n<\/section>\n<section class=\"xts-negative-gap elementor-section elementor-top-section elementor-element elementor-element-1ac626c elementor-section-boxed elementor-section-height-default elementor-section-height-default xts-section-disabled\" data-id=\"1ac626c\" data-element_type=\"section\">\n<div class=\"elementor-container elementor-column-gap-default\">\n<div class=\"elementor-column elementor-col-100 elementor-top-column elementor-element elementor-element-32aea5e\" data-id=\"32aea5e\" data-element_type=\"column\">\n<div class=\"elementor-widget-wrap elementor-element-populated\">\n<div class=\"elementor-element elementor-element-5b4168e elementor-widget elementor-widget-xts_title\" data-id=\"5b4168e\" data-element_type=\"widget\" data-widget_type=\"xts_title.default\">\n<div class=\"elementor-widget-container\">\n<div class=\"xts-section-heading xts-reset-mb-10 xts-reset-last xts-textalign-left\" data-animation-delay=\"\">\n<div class=\"xts-section-desc\">\n<div class=\"xts-section-desc-text xts-reset-all-last\" data-elementor-setting-key=\"description\">\n<p>S\u00f5ites elektrilise t\u00f5ukerattaga, soovitame kanda kaitsmeid ning kiivrit.<\/p>\n<\/p><\/div>\n<\/p><\/div>\n<\/p><\/div>\n<\/p><\/div>\n<\/p><\/div>\n<\/p><\/div>\n<\/p><\/div>\n<\/p><\/div>\n<\/section>\n<section class=\"xts-negative-gap elementor-section elementor-top-section elementor-element elementor-element-e72f064 elementor-section-boxed elementor-section-height-default elementor-section-height-default xts-section-disabled\" data-id=\"e72f064\" data-element_type=\"section\">\n<div class=\"elementor-container elementor-column-gap-default\">\n<div class=\"elementor-column elementor-col-100 elementor-top-column elementor-element elementor-element-4aef9d7\" data-id=\"4aef9d7\" data-element_type=\"column\">\n<div class=\"elementor-widget-wrap elementor-element-populated\">\n<div class=\"elementor-element elementor-element-8e73ae4 elementor-widget elementor-widget-xts_title\" data-id=\"8e73ae4\" data-element_type=\"widget\" data-widget_type=\"xts_title.default\">\n<div class=\"elementor-widget-container\">\n<div class=\"xts-section-heading xts-reset-mb-10 xts-reset-last xts-textalign-left\" data-animation-delay=\"\">\n<h3 class=\"xts-section-title title xts-design-default xts-textcolor-custom xts-fontsize-l\">\n\t\t\t\t\t\t<span class=\"xts-section-title-text\" data-elementor-setting-key=\"title\"><br \/>\n\t\t\t\t\t\t\tT\u00f5ukerattagarantii\t\t\t\t\t\t<\/span><\/p>\n<\/h3>\n<div class=\"xts-section-desc\">\n<div class=\"xts-section-desc-text xts-reset-all-last\" data-elementor-setting-key=\"description\">\n\t\t\t\t\t\t\t<span style=\"color: #ff0000;\">T\u00f5ukerattagarantii \u2013 t\u00f5ukeratta kerele 2 aastat, akule 6 kuud v\u00f5i l\u00e4bis\u00f5iduni 2000 km olenevalt Sellest, kumb t\u00e4itub varem.<\/span><\/p>\n<p><span style=\"color: #ff0000;\">Toote garantii kaotab kehtivuse, problem z kui na tekkinud kontaktil mistahes vedelikuga. L\u00f5ppkasutaja szczeg\u00f3\u0142owe informacje dotycz\u0105ce zabawnych leiab j\u00e4rgnevalt <span style=\"text-decoration: underline;\"><strong><a style=\"color: #ff0000; text-decoration: underline;\" href=\"https:\/\/dronvictory.com\/pl\/electric-scooter-warranty\/\">lingilt<\/a><\/strong><\/span>.<\/span>\t\t\t\t\t\t<\/div>\n<\/p><\/div>\n<\/p><\/div>\n<\/p><\/div>\n<\/p><\/div>\n<\/p><\/div>\n<\/p><\/div>\n<\/p><\/div>\n<\/section><\/div>","protected":false},"excerpt":{"rendered":"<p>DUALTRON Spider DUALTRON Spider \u2013 Dualtron Spider on varustatud 10-tolliste lamellrehvidega, mis saavad h\u00f5lpsalt hakkama mis tahes teepinnaga. Koos v\u00f5imsa elektrimootoriga, mille tippv\u00f5imsus on 3600w, suudab see saavutada kiirust kuni 65 km\/h ja l\u00e4bida kuni 50 km. Kaks ketaspidurit v\u00f5imaldavad kiirelt, mugavalt ja ohutult pidurdada ettearvamatus olukorras. Pidurihoovad on roolil ning on piisavalt tundlikud. Tegemist [&hellip;]<\/p>","protected":false},"featured_media":764,"template":"","meta":[],"product_cat":[241],"product_tag":[247,243,251],"class_list":{"0":"post-3328","1":"product","2":"type-product","3":"status-publish","4":"has-post-thumbnail","6":"product_brand-minimotors","7":"product_cat-sport-rest","8":"product_tag-dualtron","9":"product_tag-electric-scooter","10":"product_tag-spider","12":"first","13":"instock","14":"product-type-simple"},"_links":{"self":[{"href":"https:\/\/dronvictory.com\/pl\/wp-json\/wp\/v2\/product\/3328","targetHints":{"allow":["GET"]}}],"collection":[{"href":"https:\/\/dronvictory.com\/pl\/wp-json\/wp\/v2\/product"}],"about":[{"href":"https:\/\/dronvictory.com\/pl\/wp-json\/wp\/v2\/types\/product"}],"wp:featuredmedia":[{"embeddable":true,"href":"https:\/\/dronvictory.com\/pl\/wp-json\/wp\/v2\/media\/764"}],"wp:attachment":[{"href":"https:\/\/dronvictory.com\/pl\/wp-json\/wp\/v2\/media?parent=3328"}],"wp:term":[{"taxonomy":"product_cat","embeddable":true,"href":"https:\/\/dronvictory.com\/pl\/wp-json\/wp\/v2\/product_cat?post=3328"},{"taxonomy":"product_tag","embeddable":true,"href":"https:\/\/dronvictory.com\/pl\/wp-json\/wp\/v2\/product_tag?post=3328"}],"curies":[{"name":"wp","href":"https:\/\/api.w.org\/{rel}","templated":true}]}}