{"id":3331,"date":"2025-06-02T07:23:09","date_gmt":"2025-06-02T07:23:09","guid":{"rendered":"http:\/\/localhost:3000\/product\/dualtron-x\/"},"modified":"2025-06-02T07:23:30","modified_gmt":"2025-06-02T07:23:30","slug":"dualtron-x","status":"publish","type":"product","link":"https:\/\/dronvictory.com\/pl\/produkt\/dualtron-x\/","title":{"rendered":"Dualtron X"},"content":{"rendered":"<div data-elementor-type=\"wp-post\" data-elementor-id=\"14711\" class=\"elementor elementor-14711 elementor-10298\" data-elementor-post-type=\"product\">\n<section class=\"xts-negative-gap elementor-section elementor-top-section elementor-element elementor-element-c6a51af elementor-section-boxed elementor-section-height-default elementor-section-height-default xts-section-disabled\" data-id=\"c6a51af\" data-element_type=\"section\">\n<div class=\"elementor-container elementor-column-gap-default\">\n<div class=\"elementor-column elementor-col-100 elementor-top-column elementor-element elementor-element-d3eb866\" data-id=\"d3eb866\" data-element_type=\"column\">\n<div class=\"elementor-widget-wrap elementor-element-populated\">\n<div class=\"elementor-element elementor-element-e167085 elementor-widget elementor-widget-heading\" data-id=\"e167085\" data-element_type=\"widget\" data-widget_type=\"heading.default\">\n<div class=\"elementor-widget-container\">\n<style>\/*! elementor - v3.20.0 - 20-03-2024 *\/\n.elementor-heading-title{padding:0;margin:0;line-height:1}.elementor-widget-heading .elementor-heading-title[class*=elementor-size-]>a{color:inherit;font-size:inherit;line-height:inherit}.elementor-widget-heading .elementor-heading-title.elementor-size-small{font-size:15px}.elementor-widget-heading .elementor-heading-title.elementor-size-medium{font-size:19px}.elementor-widget-heading .elementor-heading-title.elementor-size-large{font-size:29px}.elementor-widget-heading .elementor-heading-title.elementor-size-xl{font-size:39px}.elementor-widget-heading .elementor-heading-title.elementor-size-xxl{font-size:59px}<\/style>\n<h2 class=\"elementor-heading-title elementor-size-default\">Dualtron X<\/h2>\n<\/p><\/div>\n<\/p><\/div>\n<\/p><\/div>\n<\/p><\/div>\n<\/p><\/div>\n<\/section>\n<section class=\"xts-negative-gap elementor-section elementor-top-section elementor-element elementor-element-287288f elementor-section-boxed elementor-section-height-default elementor-section-height-default xts-section-disabled\" data-id=\"287288f\" data-element_type=\"section\">\n<div class=\"elementor-container elementor-column-gap-default\">\n<div class=\"elementor-column elementor-col-100 elementor-top-column elementor-element elementor-element-784eab0\" data-id=\"784eab0\" data-element_type=\"column\">\n<div class=\"elementor-widget-wrap elementor-element-populated\">\n<div class=\"elementor-element elementor-element-4a9b5a3 elementor-widget elementor-widget-xts_title\" data-id=\"4a9b5a3\" data-element_type=\"widget\" data-widget_type=\"xts_title.default\">\n<div class=\"elementor-widget-container\">\n<div class=\"xts-section-heading xts-reset-mb-10 xts-reset-last xts-textalign-left\" data-animation-delay=\"\">\n<div class=\"xts-section-desc\">\n<div class=\"xts-section-desc-text xts-reset-all-last\" data-elementor-setting-key=\"description\">\n<p>Dualtron X \u2013 Minimotors j\u00e4tkab oma tarbijate r\u00f5\u00f5mustamist uudsete mugavate ja praktiliste mototehnikatega. Valmistatud toodete v\u00f5imsuse ja t\u00f6\u00f6kindluse uuendustel pole piire. Uus Dualtron X elektrit\u00f5ukeratas \u00fcletab m\u00f5ne omaduse Poolest autot. Sellel mudelil na t\u00e4nu akude suurele mahutavusele ning liikumiskiirusele kooslusele na k\u00f5ik v\u00f5imalused v\u00f5ita elektrit\u00f5ukeratta legendaarsuse tiitel.<\/p>\n<p>V\u00f5imsat ja kiiret Dualtron X soovitakse kohe osta p\u00e4rast tema tehniliste andmetega esimast tutvust:<\/p>\n<ul>\n<li>S\u00f5rmej\u00e4lgede tuvastamise funktsioon takiistab volitamata isikul mootorit k\u00e4ivitamast.<\/li>\n<li>Amortisatsioonis\u00fcsteemi saab n\u00fc\u00fcd reguleerida Vastavalt inimese individuaalsele kaalule, mis v\u00e4hendab ebatasaste teede m\u00f5ju.<\/li>\n<li>Eesmise ja tagumise h\u00fcdraulilise piduri olemasolu suurendab ohutust ja reaktsioonikiirust takistuse ilmnemisel.<\/li>\n<li>Dualtron X elektrit\u00f5ukerattas sobib osta ka pikkade reiside jaoks. Disainis ette n\u00e4htud v\u00f5imalik istme paigaldus suurendab mugavust liikumisel.<\/li>\n<li>Kahe mootori kombineeritud v\u00f5imsus 6720 W v\u00f5imaldab teil saavutada kiirust kuni 100 km\/h.<\/li>\n<li>Elektrilise t\u00f5ukeratta uskumatu s\u00f5iduulatus na \u00fche laadimisega 160 km. T\u00e4iendage energiat t\u00e4ielikult vaid 20 tunniga.<\/li>\n<\/ul><\/div>\n<\/p><\/div>\n<\/p><\/div>\n<\/p><\/div>\n<\/p><\/div>\n<\/p><\/div>\n<\/p><\/div>\n<\/p><\/div>\n<\/section>\n<section class=\"xts-negative-gap elementor-section elementor-top-section elementor-element elementor-element-1ac626c elementor-section-boxed elementor-section-height-default elementor-section-height-default xts-section-disabled\" data-id=\"1ac626c\" data-element_type=\"section\">\n<div class=\"elementor-container elementor-column-gap-default\">\n<div class=\"elementor-column elementor-col-100 elementor-top-column elementor-element elementor-element-32aea5e\" data-id=\"32aea5e\" data-element_type=\"column\">\n<div class=\"elementor-widget-wrap elementor-element-populated\">\n<div class=\"elementor-element elementor-element-5b4168e elementor-widget elementor-widget-xts_title\" data-id=\"5b4168e\" data-element_type=\"widget\" data-widget_type=\"xts_title.default\">\n<div class=\"elementor-widget-container\">\n<div class=\"xts-section-heading xts-reset-mb-10 xts-reset-last xts-textalign-left\" data-animation-delay=\"\">\n<div class=\"xts-section-desc\">\n<div class=\"xts-section-desc-text xts-reset-all-last\" data-elementor-setting-key=\"description\">\n<p>S\u00f5ites elektrilise t\u00f5ukerattaga, soovitame kanda kaitsmeid ning kiivrit.<\/p>\n<\/p><\/div>\n<\/p><\/div>\n<\/p><\/div>\n<\/p><\/div>\n<\/p><\/div>\n<\/p><\/div>\n<\/p><\/div>\n<\/p><\/div>\n<\/section>\n<section class=\"xts-negative-gap elementor-section elementor-top-section elementor-element elementor-element-e72f064 elementor-section-boxed elementor-section-height-default elementor-section-height-default xts-section-disabled\" data-id=\"e72f064\" data-element_type=\"section\">\n<div class=\"elementor-container elementor-column-gap-default\">\n<div class=\"elementor-column elementor-col-100 elementor-top-column elementor-element elementor-element-4aef9d7\" data-id=\"4aef9d7\" data-element_type=\"column\">\n<div class=\"elementor-widget-wrap elementor-element-populated\">\n<div class=\"elementor-element elementor-element-8e73ae4 elementor-widget elementor-widget-xts_title\" data-id=\"8e73ae4\" data-element_type=\"widget\" data-widget_type=\"xts_title.default\">\n<div class=\"elementor-widget-container\">\n<div class=\"xts-section-heading xts-reset-mb-10 xts-reset-last xts-textalign-left\" data-animation-delay=\"\">\n<h3 class=\"xts-section-title title xts-design-default xts-textcolor-custom xts-fontsize-l\">\n\t\t\t\t\t\t<span class=\"xts-section-title-text\" data-elementor-setting-key=\"title\"><br \/>\n\t\t\t\t\t\t\tT\u00f5ukerattagarantii\t\t\t\t\t\t<\/span><\/p>\n<\/h3>\n<div class=\"xts-section-desc\">\n<div class=\"xts-section-desc-text xts-reset-all-last\" data-elementor-setting-key=\"description\">\n\t\t\t\t\t\t\t<span style=\"color: #ff0000;\">T\u00f5ukerattagarantii \u2013 t\u00f5ukeratta kerele 2 aastat, akule 6 kuud v\u00f5i l\u00e4bis\u00f5iduni 2000 km olenevalt Sellest, kumb t\u00e4itub varem.<\/span><\/p>\n<p><span style=\"color: #ff0000;\">Toote garantii kaotab kehtivuse, problem z kui na tekkinud kontaktil mistahes vedelikuga. L\u00f5ppkasutaja szczeg\u00f3\u0142owe informacje dotycz\u0105ce zabawnych leiab j\u00e4rgnevalt <span style=\"text-decoration: underline;\"><strong><a style=\"color: #ff0000; text-decoration: underline;\" href=\"https:\/\/dronvictory.com\/pl\/electric-scooter-warranty\/\">lingilt<\/a><\/strong><\/span>.<\/span>\t\t\t\t\t\t<\/div>\n<\/p><\/div>\n<\/p><\/div>\n<\/p><\/div>\n<\/p><\/div>\n<\/p><\/div>\n<\/p><\/div>\n<\/p><\/div>\n<\/section><\/div>","protected":false},"excerpt":{"rendered":"<p>Dualtron X Dualtron X &#8211; Minimotors j\u00e4tkab oma tarbijate r\u00f5\u00f5mustamist uudsete mugavate ja praktiliste mototehnikatega. Valmistatud toodete v\u00f5imsuse ja t\u00f6\u00f6kindluse uuendustel pole piire. Uus Dualtron X elektrit\u00f5ukeratas \u00fcletab m\u00f5ne omaduse poolest autot. Sellel mudelil on t\u00e4nu akude suurele mahutavusele ning liikumiskiirusele kooslusele on k\u00f5ik v\u00f5imalused v\u00f5ita elektrit\u00f5ukeratta legendaarsuse tiitel. V\u00f5imsat ja kiiret Dualtron X soovitakse [&hellip;]<\/p>","protected":false},"featured_media":2609,"template":"","meta":[],"product_cat":[241],"product_tag":[247,243,254],"class_list":{"0":"post-3331","1":"product","2":"type-product","3":"status-publish","4":"has-post-thumbnail","6":"product_brand-minimotors","7":"product_cat-sport-rest","8":"product_tag-dualtron","9":"product_tag-electric-scooter","10":"product_tag-x","12":"first","13":"instock","14":"sale","15":"purchasable","16":"product-type-simple"},"_links":{"self":[{"href":"https:\/\/dronvictory.com\/pl\/wp-json\/wp\/v2\/product\/3331","targetHints":{"allow":["GET"]}}],"collection":[{"href":"https:\/\/dronvictory.com\/pl\/wp-json\/wp\/v2\/product"}],"about":[{"href":"https:\/\/dronvictory.com\/pl\/wp-json\/wp\/v2\/types\/product"}],"wp:featuredmedia":[{"embeddable":true,"href":"https:\/\/dronvictory.com\/pl\/wp-json\/wp\/v2\/media\/2609"}],"wp:attachment":[{"href":"https:\/\/dronvictory.com\/pl\/wp-json\/wp\/v2\/media?parent=3331"}],"wp:term":[{"taxonomy":"product_cat","embeddable":true,"href":"https:\/\/dronvictory.com\/pl\/wp-json\/wp\/v2\/product_cat?post=3331"},{"taxonomy":"product_tag","embeddable":true,"href":"https:\/\/dronvictory.com\/pl\/wp-json\/wp\/v2\/product_tag?post=3331"}],"curies":[{"name":"wp","href":"https:\/\/api.w.org\/{rel}","templated":true}]}}