{"id":3335,"date":"2025-06-02T07:23:36","date_gmt":"2025-06-02T07:23:36","guid":{"rendered":"http:\/\/localhost:3000\/product\/dualtron-victor\/"},"modified":"2025-06-02T07:23:43","modified_gmt":"2025-06-02T07:23:43","slug":"dualtron-victor","status":"publish","type":"product","link":"https:\/\/dronvictory.com\/pl\/produkt\/dualtron-victor\/","title":{"rendered":"Victor Dualtrona"},"content":{"rendered":"<div data-elementor-type=\"wp-post\" data-elementor-id=\"14707\" class=\"elementor elementor-14707 elementor-10338\" data-elementor-post-type=\"product\">\n<section class=\"xts-negative-gap elementor-section elementor-top-section elementor-element elementor-element-c6a51af elementor-section-boxed elementor-section-height-default elementor-section-height-default xts-section-disabled\" data-id=\"c6a51af\" data-element_type=\"section\">\n<div class=\"elementor-container elementor-column-gap-default\">\n<div class=\"elementor-column elementor-col-100 elementor-top-column elementor-element elementor-element-d3eb866\" data-id=\"d3eb866\" data-element_type=\"column\">\n<div class=\"elementor-widget-wrap elementor-element-populated\">\n<div class=\"elementor-element elementor-element-e167085 elementor-widget elementor-widget-heading\" data-id=\"e167085\" data-element_type=\"widget\" data-widget_type=\"heading.default\">\n<div class=\"elementor-widget-container\">\n<style>\/*! elementor - v3.20.0 - 20-03-2024 *\/\n.elementor-heading-title{padding:0;margin:0;line-height:1}.elementor-widget-heading .elementor-heading-title[class*=elementor-size-]>a{color:inherit;font-size:inherit;line-height:inherit}.elementor-widget-heading .elementor-heading-title.elementor-size-small{font-size:15px}.elementor-widget-heading .elementor-heading-title.elementor-size-medium{font-size:19px}.elementor-widget-heading .elementor-heading-title.elementor-size-large{font-size:29px}.elementor-widget-heading .elementor-heading-title.elementor-size-xl{font-size:39px}.elementor-widget-heading .elementor-heading-title.elementor-size-xxl{font-size:59px}<\/style>\n<h2 class=\"elementor-heading-title elementor-size-default\">Victor Dualtrona<\/h2>\n<\/p><\/div>\n<\/p><\/div>\n<\/p><\/div>\n<\/p><\/div>\n<\/p><\/div>\n<\/section>\n<section class=\"xts-negative-gap elementor-section elementor-top-section elementor-element elementor-element-287288f elementor-section-boxed elementor-section-height-default elementor-section-height-default xts-section-disabled\" data-id=\"287288f\" data-element_type=\"section\">\n<div class=\"elementor-container elementor-column-gap-default\">\n<div class=\"elementor-column elementor-col-100 elementor-top-column elementor-element elementor-element-784eab0\" data-id=\"784eab0\" data-element_type=\"column\">\n<div class=\"elementor-widget-wrap elementor-element-populated\">\n<div class=\"elementor-element elementor-element-4a9b5a3 elementor-widget elementor-widget-xts_title\" data-id=\"4a9b5a3\" data-element_type=\"widget\" data-widget_type=\"xts_title.default\">\n<div class=\"elementor-widget-container\">\n<div class=\"xts-section-heading xts-reset-mb-10 xts-reset-last xts-textalign-left\" data-animation-delay=\"\">\n<div class=\"xts-section-desc\">\n<div class=\"xts-section-desc-text xts-reset-all-last\" data-elementor-setting-key=\"description\">\n<p>Dualtron Victor \u2013 Minimotors j\u00e4tkab oma klientide r\u00f5\u00f5mustamist originaalsete elektris\u00f5idukite uuendustega. Nii k\u00e4ivitati 2021. aastal elektriroller Dualtron Victor sari mis sai Eagle liini loogiliseks j\u00e4tkuks. T\u00e4helepanuv\u00e4\u00e4rsed na t\u00f5ukeratta tehnilised omadused:<\/p>\n<ul>\n<li>Oma kaaluga vaid 33 kg na seadmel LG aku mahutavusega 30 Ah, mis tagab t\u00e4iendava l\u00e4bis\u00f5idureservi;<\/li>\n<li>Elektrimootori v\u00f5imsus na 4000 W, mis v\u00f5imaldab arendada muljetavaldavat kiirust 80 km \/ h;<\/li>\n<li>Laiad rehvid ja pehme vedrustus tagavad mugavuse liikumiseks;<\/li>\n<li>Dualtron Victori hind on \u00fcsna Vastuv\u00f5etav ja kulutatud raha tasub end kiiresti tagasi igap\u00e4evaste reiside \u00f6konoomsusega.<\/li>\n<\/ul>\n<p>Enamik elektrimootoriga varustatud kaherattalised s\u00f5idukid tunnevad end autode \u00fcldises voolus ebakindlalt. Valitud mudel ei kuulu Sellesse kategooriasse, seega Dualtron Victor ost annab v\u00f5imaluse saada oma kasutusse kiire, usaldusv\u00e4\u00e4rne ja keskkonnas\u00f5bralik transpordiliik, mida saab kartmata kasutada pealinna avalikel teedel.<\/p>\n<\/p><\/div>\n<\/p><\/div>\n<\/p><\/div>\n<\/p><\/div>\n<\/p><\/div>\n<\/p><\/div>\n<\/p><\/div>\n<\/p><\/div>\n<\/section>\n<section class=\"xts-negative-gap elementor-section elementor-top-section elementor-element elementor-element-1ac626c elementor-section-boxed elementor-section-height-default elementor-section-height-default xts-section-disabled\" data-id=\"1ac626c\" data-element_type=\"section\">\n<div class=\"elementor-container elementor-column-gap-default\">\n<div class=\"elementor-column elementor-col-100 elementor-top-column elementor-element elementor-element-32aea5e\" data-id=\"32aea5e\" data-element_type=\"column\">\n<div class=\"elementor-widget-wrap elementor-element-populated\">\n<div class=\"elementor-element elementor-element-5b4168e elementor-widget elementor-widget-xts_title\" data-id=\"5b4168e\" data-element_type=\"widget\" data-widget_type=\"xts_title.default\">\n<div class=\"elementor-widget-container\">\n<div class=\"xts-section-heading xts-reset-mb-10 xts-reset-last xts-textalign-left\" data-animation-delay=\"\">\n<div class=\"xts-section-desc\">\n<div class=\"xts-section-desc-text xts-reset-all-last\" data-elementor-setting-key=\"description\">\n<p>S\u00f5ites elektrilise t\u00f5ukerattaga, soovitame kanda kaitsmeid ning kiivrit.<\/p>\n<\/p><\/div>\n<\/p><\/div>\n<\/p><\/div>\n<\/p><\/div>\n<\/p><\/div>\n<\/p><\/div>\n<\/p><\/div>\n<\/p><\/div>\n<\/section>\n<section class=\"xts-negative-gap elementor-section elementor-top-section elementor-element elementor-element-e72f064 elementor-section-boxed elementor-section-height-default elementor-section-height-default xts-section-disabled\" data-id=\"e72f064\" data-element_type=\"section\">\n<div class=\"elementor-container elementor-column-gap-default\">\n<div class=\"elementor-column elementor-col-100 elementor-top-column elementor-element elementor-element-4aef9d7\" data-id=\"4aef9d7\" data-element_type=\"column\">\n<div class=\"elementor-widget-wrap elementor-element-populated\">\n<div class=\"elementor-element elementor-element-8e73ae4 elementor-widget elementor-widget-xts_title\" data-id=\"8e73ae4\" data-element_type=\"widget\" data-widget_type=\"xts_title.default\">\n<div class=\"elementor-widget-container\">\n<div class=\"xts-section-heading xts-reset-mb-10 xts-reset-last xts-textalign-left\" data-animation-delay=\"\">\n<h3 class=\"xts-section-title title xts-design-default xts-textcolor-custom xts-fontsize-l\">\n\t\t\t\t\t\t<span class=\"xts-section-title-text\" data-elementor-setting-key=\"title\"><br \/>\n\t\t\t\t\t\t\tT\u00f5ukerattagarantii\t\t\t\t\t\t<\/span><\/p>\n<\/h3>\n<div class=\"xts-section-desc\">\n<div class=\"xts-section-desc-text xts-reset-all-last\" data-elementor-setting-key=\"description\">\n\t\t\t\t\t\t\t<span style=\"color: #ff0000;\">T\u00f5ukerattagarantii \u2013 t\u00f5ukeratta kerele 2 aastat, akule 6 kuud v\u00f5i l\u00e4bis\u00f5iduni 2000 km olenevalt Sellest, kumb t\u00e4itub varem.<\/span><\/p>\n<p><span style=\"color: #ff0000;\">Toote garantii kaotab kehtivuse, problem z kui na tekkinud kontaktil mistahes vedelikuga. L\u00f5ppkasutaja szczeg\u00f3\u0142owe informacje dotycz\u0105ce zabawnych leiab j\u00e4rgnevalt <span style=\"text-decoration: underline;\"><strong><a style=\"color: #ff0000; text-decoration: underline;\" href=\"https:\/\/dronvictory.com\/pl\/electric-scooter-warranty\/\">lingilt<\/a><\/strong><\/span>.<\/span>\t\t\t\t\t\t<\/div>\n<\/p><\/div>\n<\/p><\/div>\n<\/p><\/div>\n<\/p><\/div>\n<\/p><\/div>\n<\/p><\/div>\n<\/p><\/div>\n<\/section><\/div>","protected":false},"excerpt":{"rendered":"<p>Dualtron Victor Dualtron Victor &#8211; Minimotors j\u00e4tkab oma klientide r\u00f5\u00f5mustamist originaalsete elektris\u00f5idukite uuendustega. Nii k\u00e4ivitati 2021. aastal elektriroller Dualtron Victor sari mis sai Eagle liini loogiliseks j\u00e4tkuks. T\u00e4helepanuv\u00e4\u00e4rsed on t\u00f5ukeratta tehnilised omadused: Oma kaaluga vaid 33 kg on seadmel LG aku mahutavusega 30 Ah, mis tagab t\u00e4iendava l\u00e4bis\u00f5idureservi; Elektrimootori v\u00f5imsus on 4000 W, mis v\u00f5imaldab [&hellip;]<\/p>","protected":false},"featured_media":2611,"template":"","meta":[],"product_cat":[241],"product_tag":[247,243,258],"class_list":{"0":"post-3335","1":"product","2":"type-product","3":"status-publish","4":"has-post-thumbnail","6":"product_brand-minimotors","7":"product_cat-sport-rest","8":"product_tag-dualtron","9":"product_tag-electric-scooter","10":"product_tag-victor","12":"first","13":"instock","14":"sale","15":"purchasable","16":"product-type-simple"},"_links":{"self":[{"href":"https:\/\/dronvictory.com\/pl\/wp-json\/wp\/v2\/product\/3335","targetHints":{"allow":["GET"]}}],"collection":[{"href":"https:\/\/dronvictory.com\/pl\/wp-json\/wp\/v2\/product"}],"about":[{"href":"https:\/\/dronvictory.com\/pl\/wp-json\/wp\/v2\/types\/product"}],"wp:featuredmedia":[{"embeddable":true,"href":"https:\/\/dronvictory.com\/pl\/wp-json\/wp\/v2\/media\/2611"}],"wp:attachment":[{"href":"https:\/\/dronvictory.com\/pl\/wp-json\/wp\/v2\/media?parent=3335"}],"wp:term":[{"taxonomy":"product_cat","embeddable":true,"href":"https:\/\/dronvictory.com\/pl\/wp-json\/wp\/v2\/product_cat?post=3335"},{"taxonomy":"product_tag","embeddable":true,"href":"https:\/\/dronvictory.com\/pl\/wp-json\/wp\/v2\/product_tag?post=3335"}],"curies":[{"name":"wp","href":"https:\/\/api.w.org\/{rel}","templated":true}]}}