{"id":3336,"date":"2025-06-02T07:23:36","date_gmt":"2025-06-02T07:23:36","guid":{"rendered":"http:\/\/localhost:3000\/product\/dualtron-victor-luxury\/"},"modified":"2025-06-02T07:23:44","modified_gmt":"2025-06-02T07:23:44","slug":"dualtron-victor-luxury","status":"publish","type":"product","link":"https:\/\/dronvictory.com\/pl\/produkt\/dualtron-victor-luxury\/","title":{"rendered":"Dualtron Victor Luksusowy"},"content":{"rendered":"<div data-elementor-type=\"wp-post\" data-elementor-id=\"14706\" class=\"elementor elementor-14706 elementor-10349\" data-elementor-post-type=\"product\">\n<section class=\"xts-negative-gap elementor-section elementor-top-section elementor-element elementor-element-c6a51af elementor-section-boxed elementor-section-height-default elementor-section-height-default xts-section-disabled\" data-id=\"c6a51af\" data-element_type=\"section\">\n<div class=\"elementor-container elementor-column-gap-default\">\n<div class=\"elementor-column elementor-col-100 elementor-top-column elementor-element elementor-element-d3eb866\" data-id=\"d3eb866\" data-element_type=\"column\">\n<div class=\"elementor-widget-wrap elementor-element-populated\">\n<div class=\"elementor-element elementor-element-e167085 elementor-widget elementor-widget-heading\" data-id=\"e167085\" data-element_type=\"widget\" data-widget_type=\"heading.default\">\n<div class=\"elementor-widget-container\">\n<style>\/*! elementor - v3.20.0 - 20-03-2024 *\/\n.elementor-heading-title{padding:0;margin:0;line-height:1}.elementor-widget-heading .elementor-heading-title[class*=elementor-size-]>a{color:inherit;font-size:inherit;line-height:inherit}.elementor-widget-heading .elementor-heading-title.elementor-size-small{font-size:15px}.elementor-widget-heading .elementor-heading-title.elementor-size-medium{font-size:19px}.elementor-widget-heading .elementor-heading-title.elementor-size-large{font-size:29px}.elementor-widget-heading .elementor-heading-title.elementor-size-xl{font-size:39px}.elementor-widget-heading .elementor-heading-title.elementor-size-xxl{font-size:59px}<\/style>\n<h2 class=\"elementor-heading-title elementor-size-default\">Dualtron Victor Luksusowy<\/h2>\n<\/p><\/div>\n<\/p><\/div>\n<\/p><\/div>\n<\/p><\/div>\n<\/p><\/div>\n<\/section>\n<section class=\"xts-negative-gap elementor-section elementor-top-section elementor-element elementor-element-287288f elementor-section-boxed elementor-section-height-default elementor-section-height-default xts-section-disabled\" data-id=\"287288f\" data-element_type=\"section\">\n<div class=\"elementor-container elementor-column-gap-default\">\n<div class=\"elementor-column elementor-col-100 elementor-top-column elementor-element elementor-element-784eab0\" data-id=\"784eab0\" data-element_type=\"column\">\n<div class=\"elementor-widget-wrap elementor-element-populated\">\n<div class=\"elementor-element elementor-element-4a9b5a3 elementor-widget elementor-widget-xts_title\" data-id=\"4a9b5a3\" data-element_type=\"widget\" data-widget_type=\"xts_title.default\">\n<div class=\"elementor-widget-container\">\n<div class=\"xts-section-heading xts-reset-mb-10 xts-reset-last xts-textalign-left\" data-animation-delay=\"\">\n<div class=\"xts-section-desc\">\n<div class=\"xts-section-desc-text xts-reset-all-last\" data-elementor-setting-key=\"description\">\n<p>Dualtron Victor Luxury \u2013 2022. aasta elektrilise t\u00f5ukeratta DUALTRON VICTOR \u00fcks oodatuim uuendus LUKSUS konfiguratsioonis. P\u00f5hineb DUALTRON 3 baasil mis na ajaliselt testitud N\u00fc\u00fcd na zobacz muutunud v\u00f5imsamaks ja stiilsemaks.<\/p>\n<p>Tugev raam, mis on valmistatud kergelt sulamist lennundusaluminiumist, talub kuni 130 kg koormusi. Vaatamata Sellele na DUALTRON VICTOR LUXURY kaal vaid 32 kg. Antud konstruktsiooni na testitud alates kolmanda p\u00f5lvkonna DUALTRONi v\u00e4ljalaskmisest. T\u00e4psemalt \u00f6eldes siis na patrz raam olnud kasutusel alates 2017. aastast. Sellest ajast alates on MINIMOTORSi insenerid pidevalt t\u00e4iustanud ja t\u00e4iustanud k\u00f5iki Selle komponente. T\u00e4iendav fiksaator ja topeltklamber kokkuklapitava rooliraami kinnitamiseks. Jalatugi k\u00e4epidemega kandmiseks jne<\/p>\n<p>V\u00e4\u00e4ndevarras pole alates 2017. aastast palju muutunud. Ettev\u00f5tte MINIMOTORS kaubam\u00e4rk. Koosneb endiselt kvaliteetsetest elastomeeridest ning patenteeritud kaubam\u00e4rgiga pendlitest ja hoobadest. Zobacz vedrustus na j\u00e4igem kui vedruga amortisaatorid. Ressurss na Sellel suurem ja zobacz hoiab paremini suuri kiirusi.<\/p>\n<p>DUALTRON VICTOR LUXURY wersja rozleg\u0142a LG kaubam\u00e4rgiga aku, mis on kogutud LG M50 rakkudesse suurusega 21700. Aku mahutavus LUXURY 30Ah i LUXURY PLUS wersja 35Ah\/60v. S\u00e4\u00e4sture\u017eiimis v\u00f5ib t\u00f5ukeratas tasasel pinnal s\u00f5ita kuni 80 \u2013 90 km. Sellise aku kasutusiga na kuni 1500 laadimists\u00fcklit ilma mahutavuse v\u00e4henemiseta.<\/p>\n<p>Patenteeritud MINIMOTORS mootorid iga\u00fcks 2000w. Nelikveo re\u017eiimis koguv\u00f5imsus 4000w. Patenteeritud kontrollerid 30A. Maksimaalne kiirus kuni 80 km\/h. Magneti l\u00e4bim\u00f5\u00f5t 45 mm. Rattad kosztuje 10 tolli. Laiad rehvid sisekummiga 10\u00d73.<\/p>\n<p>Uus deki kate on tavalise libisemisvastase teibi asemel kummist matt. T\u00e4iendavad roolifiksaatorid. Esi- ja tagatuli koos pidurulega. Stiilne jalatugi koos kandek\u00e4epideme ja gabariidiga. ZOOM h\u00fcdraulilised pidurid. Patenteeritud EY3 ere ekraan, millel na v\u00f5imalus \u00fchendada s\u00f5rmej\u00e4ljeskanner. T\u00e4nu lisatud stiilsetele elementidele n\u00e4evad korpus ja pendlid n\u00fc\u00fcd t\u00f5eliselt LUKSUSLIKULT v\u00e4lja.<\/p>\n<\/p><\/div>\n<\/p><\/div>\n<\/p><\/div>\n<\/p><\/div>\n<\/p><\/div>\n<\/p><\/div>\n<\/p><\/div>\n<\/p><\/div>\n<\/section>\n<section class=\"xts-negative-gap elementor-section elementor-top-section elementor-element elementor-element-1ac626c elementor-section-boxed elementor-section-height-default elementor-section-height-default xts-section-disabled\" data-id=\"1ac626c\" data-element_type=\"section\">\n<div class=\"elementor-container elementor-column-gap-default\">\n<div class=\"elementor-column elementor-col-100 elementor-top-column elementor-element elementor-element-32aea5e\" data-id=\"32aea5e\" data-element_type=\"column\">\n<div class=\"elementor-widget-wrap elementor-element-populated\">\n<div class=\"elementor-element elementor-element-5b4168e elementor-widget elementor-widget-xts_title\" data-id=\"5b4168e\" data-element_type=\"widget\" data-widget_type=\"xts_title.default\">\n<div class=\"elementor-widget-container\">\n<div class=\"xts-section-heading xts-reset-mb-10 xts-reset-last xts-textalign-left\" data-animation-delay=\"\">\n<div class=\"xts-section-desc\">\n<div class=\"xts-section-desc-text xts-reset-all-last\" data-elementor-setting-key=\"description\">\n<p>S\u00f5ites elektrilise t\u00f5ukerattaga, soovitame kanda kaitsmeid ning kiivrit.<\/p>\n<\/p><\/div>\n<\/p><\/div>\n<\/p><\/div>\n<\/p><\/div>\n<\/p><\/div>\n<\/p><\/div>\n<\/p><\/div>\n<\/p><\/div>\n<\/section>\n<section class=\"xts-negative-gap elementor-section elementor-top-section elementor-element elementor-element-e72f064 elementor-section-boxed elementor-section-height-default elementor-section-height-default xts-section-disabled\" data-id=\"e72f064\" data-element_type=\"section\">\n<div class=\"elementor-container elementor-column-gap-default\">\n<div class=\"elementor-column elementor-col-100 elementor-top-column elementor-element elementor-element-4aef9d7\" data-id=\"4aef9d7\" data-element_type=\"column\">\n<div class=\"elementor-widget-wrap elementor-element-populated\">\n<div class=\"elementor-element elementor-element-8e73ae4 elementor-widget elementor-widget-xts_title\" data-id=\"8e73ae4\" data-element_type=\"widget\" data-widget_type=\"xts_title.default\">\n<div class=\"elementor-widget-container\">\n<div class=\"xts-section-heading xts-reset-mb-10 xts-reset-last xts-textalign-left\" data-animation-delay=\"\">\n<h3 class=\"xts-section-title title xts-design-default xts-textcolor-custom xts-fontsize-l\">\n\t\t\t\t\t\t<span class=\"xts-section-title-text\" data-elementor-setting-key=\"title\"><br \/>\n\t\t\t\t\t\t\tT\u00f5ukerattagarantii\t\t\t\t\t\t<\/span><\/p>\n<\/h3>\n<div class=\"xts-section-desc\">\n<div class=\"xts-section-desc-text xts-reset-all-last\" data-elementor-setting-key=\"description\">\n\t\t\t\t\t\t\t<span style=\"color: #ff0000;\">T\u00f5ukerattagarantii \u2013 t\u00f5ukeratta kerele 2 aastat, akule 6 kuud v\u00f5i l\u00e4bis\u00f5iduni 2000 km olenevalt Sellest, kumb t\u00e4itub varem.<\/span><\/p>\n<p><span style=\"color: #ff0000;\">Toote garantii kaotab kehtivuse, problem z kui na tekkinud kontaktil mistahes vedelikuga. L\u00f5ppkasutaja szczeg\u00f3\u0142owe informacje dotycz\u0105ce zabawnych leiab j\u00e4rgnevalt <span style=\"text-decoration: underline;\"><strong><a style=\"color: #ff0000; text-decoration: underline;\" href=\"https:\/\/dronvictory.com\/pl\/electric-scooter-warranty\/\">lingilt<\/a><\/strong><\/span>.<\/span>\t\t\t\t\t\t<\/div>\n<\/p><\/div>\n<\/p><\/div>\n<\/p><\/div>\n<\/p><\/div>\n<\/p><\/div>\n<\/p><\/div>\n<\/p><\/div>\n<\/section><\/div>","protected":false},"excerpt":{"rendered":"<p>Dualtron Victor Luxury Dualtron Victor Luxury &#8211; 2022. aasta elektrilise t\u00f5ukeratta DUALTRON VICTOR \u00fcks oodatuim uuendus LUKSUS konfiguratsioonis. P\u00f5hineb DUALTRON 3 baasil mis on ajaliselt testitud N\u00fc\u00fcd on see muutunud v\u00f5imsamaks ja stiilsemaks. Tugev raam, mis on valmistatud kergelt sulamist lennundusalumiiniumist, talub kuni 130 kg koormusi. Vaatamata sellele on DUALTRON VICTOR LUXURY kaal vaid 32 [&hellip;]<\/p>","protected":false},"featured_media":2144,"template":"","meta":[],"product_cat":[241],"product_tag":[247,243,256],"class_list":{"0":"post-3336","1":"product","2":"type-product","3":"status-publish","4":"has-post-thumbnail","6":"product_brand-minimotors","7":"product_cat-sport-rest","8":"product_tag-dualtron","9":"product_tag-electric-scooter","10":"product_tag-storm","12":"first","13":"instock","14":"sale","15":"purchasable","16":"product-type-simple"},"_links":{"self":[{"href":"https:\/\/dronvictory.com\/pl\/wp-json\/wp\/v2\/product\/3336","targetHints":{"allow":["GET"]}}],"collection":[{"href":"https:\/\/dronvictory.com\/pl\/wp-json\/wp\/v2\/product"}],"about":[{"href":"https:\/\/dronvictory.com\/pl\/wp-json\/wp\/v2\/types\/product"}],"wp:featuredmedia":[{"embeddable":true,"href":"https:\/\/dronvictory.com\/pl\/wp-json\/wp\/v2\/media\/2144"}],"wp:attachment":[{"href":"https:\/\/dronvictory.com\/pl\/wp-json\/wp\/v2\/media?parent=3336"}],"wp:term":[{"taxonomy":"product_cat","embeddable":true,"href":"https:\/\/dronvictory.com\/pl\/wp-json\/wp\/v2\/product_cat?post=3336"},{"taxonomy":"product_tag","embeddable":true,"href":"https:\/\/dronvictory.com\/pl\/wp-json\/wp\/v2\/product_tag?post=3336"}],"curies":[{"name":"wp","href":"https:\/\/api.w.org\/{rel}","templated":true}]}}