{"id":3341,"date":"2025-06-02T07:23:36","date_gmt":"2025-06-02T07:23:36","guid":{"rendered":"http:\/\/localhost:3000\/product\/dualtron-iii\/"},"modified":"2025-06-02T07:23:47","modified_gmt":"2025-06-02T07:23:47","slug":"dualtron-iii","status":"publish","type":"product","link":"https:\/\/dronvictory.com\/pl\/produkt\/dualtron-iii\/","title":{"rendered":"DUALTRON III"},"content":{"rendered":"<div data-elementor-type=\"wp-post\" data-elementor-id=\"14701\" class=\"elementor elementor-14701 elementor-10402\" data-elementor-post-type=\"product\">\n<section class=\"xts-negative-gap elementor-section elementor-top-section elementor-element elementor-element-c6a51af elementor-section-boxed elementor-section-height-default elementor-section-height-default xts-section-disabled\" data-id=\"c6a51af\" data-element_type=\"section\">\n<div class=\"elementor-container elementor-column-gap-default\">\n<div class=\"elementor-column elementor-col-100 elementor-top-column elementor-element elementor-element-d3eb866\" data-id=\"d3eb866\" data-element_type=\"column\">\n<div class=\"elementor-widget-wrap elementor-element-populated\">\n<div class=\"elementor-element elementor-element-e167085 elementor-widget elementor-widget-heading\" data-id=\"e167085\" data-element_type=\"widget\" data-widget_type=\"heading.default\">\n<div class=\"elementor-widget-container\">\n<style>\/*! elementor - v3.20.0 - 20-03-2024 *\/\n.elementor-heading-title{padding:0;margin:0;line-height:1}.elementor-widget-heading .elementor-heading-title[class*=elementor-size-]>a{color:inherit;font-size:inherit;line-height:inherit}.elementor-widget-heading .elementor-heading-title.elementor-size-small{font-size:15px}.elementor-widget-heading .elementor-heading-title.elementor-size-medium{font-size:19px}.elementor-widget-heading .elementor-heading-title.elementor-size-large{font-size:29px}.elementor-widget-heading .elementor-heading-title.elementor-size-xl{font-size:39px}.elementor-widget-heading .elementor-heading-title.elementor-size-xxl{font-size:59px}<\/style>\n<h2 class=\"elementor-heading-title elementor-size-default\">DUALTRON III<\/h2>\n<\/p><\/div>\n<\/p><\/div>\n<\/p><\/div>\n<\/p><\/div>\n<\/p><\/div>\n<\/section>\n<section class=\"xts-negative-gap elementor-section elementor-top-section elementor-element elementor-element-287288f elementor-section-boxed elementor-section-height-default elementor-section-height-default xts-section-disabled\" data-id=\"287288f\" data-element_type=\"section\">\n<div class=\"elementor-container elementor-column-gap-default\">\n<div class=\"elementor-column elementor-col-100 elementor-top-column elementor-element elementor-element-784eab0\" data-id=\"784eab0\" data-element_type=\"column\">\n<div class=\"elementor-widget-wrap elementor-element-populated\">\n<div class=\"elementor-element elementor-element-4a9b5a3 elementor-widget elementor-widget-xts_title\" data-id=\"4a9b5a3\" data-element_type=\"widget\" data-widget_type=\"xts_title.default\">\n<div class=\"elementor-widget-container\">\n<div class=\"xts-section-heading xts-reset-mb-10 xts-reset-last xts-textalign-left\" data-animation-delay=\"\">\n<div class=\"xts-section-desc\">\n<div class=\"xts-section-desc-text xts-reset-all-last\" data-elementor-setting-key=\"description\">\n<p>DUALTRON III \u2013 Parim valik l\u00fchikesteks s\u00f5itudeks linnajoonel na elektrilise t\u00f5ukeratta kasutamine. Mahutist akutoitega mugav ja funktsionaalne s\u00f5iduk na v\u00f5imeline vedama kuni 130 kg kaaluvat reisijat. DUALTRON III na v\u00e4\u00e4rt ostmist tylko na hinna aga ka mitmete teiste eelistuste p\u00e4rast:<\/p>\n<ul>\n<li>Arendab kiirust kuni 65 km\/h (s\u00f5ltub tuule suunast, s\u00f5itva inimese kaalust ja teekatte seisukorrast);<\/li>\n<li>Maksimaalne vahemaa, mida saab \u00fche aku laadimisega \u00fcletada, na kuni 100 km;<\/li>\n<li>Kokkupandav mehhanism v\u00f5imaldab teil t\u00f5ukeratast h\u00f5lpsalt transportida ja ladustada;<\/li>\n<li>Piduris\u00fcsteem 2 rattale, stabiliseerimine, seisutuled, mitu s\u00f5idure\u017eiimi.<\/li>\n<\/ul>\n<p>Elektriseadmete ostmisel, enamik inimesi eelistab kauba kvaliteedi ja hinna suhet. Samuti peab t\u00f5ukeratas Vastama k\u00f5igile t\u00f6\u00f6kindluse ja ohutuse, kasutusmugavuse ja man\u00f6\u00f6verdusv\u00f5ime n\u00f5uetele. Seadme ostuga tunnetate kohest majandusliku m\u00f5ju, kuna see v\u00f5imaldab s\u00e4\u00e4sta s\u00f5itude pealt, seda saab h\u00f5lpsasti kasutada ka s\u00f5idukina kohaletoimetamisteenuses.<\/p>\n<p>Kummita rehv Dualtron III elektrilisel t\u00f5ukerattal v\u00e4listab t\u00e4ielikult rataste purunemise ja Pumpamisprotsessi. Selliste ratastega s\u00f5itmine na veidi j\u00e4igam kui kambriga rattaste puhul, kuid zobacz na maitse asi, eriti arvestades i neid ei ole vaja pumbata.<\/p>\n<p>Uus elastomeeride vedrustus, mis \u00fchendab peenh\u00e4\u00e4lestusfunktsiooni (kuni 45 sammu) j\u00e4ikuse ja elektrilise rolleri kliirensiga. Peab kergesti wastu kuni 130 kg kaaluvate juhtidega. Saate vedrustuse t\u00e4ielikult kohandada Vastavalt oma vajadustele ja maastikule, millel kavatsete s\u00f5ita.<\/p>\n<p>Zobacz mudel na varustatud kahe mootorirattaga, mille koguv\u00f5imsus na 1600 vatti, ja kui vajutate gaasipedaali nuppu l\u00f5puni siis t\u00f5useb patrz kuni 3600 vatini. Maksimaalse kiiruse 65 km\/h saavutab roller umbes 6 sekundiga, mis v\u00f5imaldab d\u00fcnaamiliselt liikuda igal maastikul.<\/p>\n<p>Selles elektriautos na kvaliteetne 28 Ah liitium-ioon aku, mis v\u00f5imaldab s\u00f5ita \u00fche laadimisega kuni 100 km, s\u00f5ltuvalt juhi kaalust ja maastiku reljeefist. T\u00fchjenenud aku t\u00e4islaadimine toimub 8 tunni jooksul.<\/p>\n<p>Stiilne rooliratta ja deki taustvalgustus reguleerimisv\u00f5imalusega, s\u00f5idure\u017eiimide juhtimine koos kuvamisega led-ekraanil, regeneratsioonis\u00fcsteemiga pidurid (pidurdamisel laetakse aku).<\/p>\n<p>Dualtron 3 t\u00f5ukeratta eeliseks na v\u00f5imalus patrz kiiresti kokku panna igas olukorras, olgu patrz siis lift, masina pagasiruum v\u00f5i hoiuruum. Kinnitus fikseerib rooli kindlalt deki l\u00f5pus, mille j\u00e4rel saab rooliliistu kasutada kandek\u00e4epidemena.<\/p>\n<\/p><\/div>\n<\/p><\/div>\n<\/p><\/div>\n<\/p><\/div>\n<\/p><\/div>\n<\/p><\/div>\n<\/p><\/div>\n<\/p><\/div>\n<\/section>\n<section class=\"xts-negative-gap elementor-section elementor-top-section elementor-element elementor-element-1ac626c elementor-section-boxed elementor-section-height-default elementor-section-height-default xts-section-disabled\" data-id=\"1ac626c\" data-element_type=\"section\">\n<div class=\"elementor-container elementor-column-gap-default\">\n<div class=\"elementor-column elementor-col-100 elementor-top-column elementor-element elementor-element-32aea5e\" data-id=\"32aea5e\" data-element_type=\"column\">\n<div class=\"elementor-widget-wrap elementor-element-populated\">\n<div class=\"elementor-element elementor-element-5b4168e elementor-widget elementor-widget-xts_title\" data-id=\"5b4168e\" data-element_type=\"widget\" data-widget_type=\"xts_title.default\">\n<div class=\"elementor-widget-container\">\n<div class=\"xts-section-heading xts-reset-mb-10 xts-reset-last xts-textalign-left\" data-animation-delay=\"\">\n<div class=\"xts-section-desc\">\n<div class=\"xts-section-desc-text xts-reset-all-last\" data-elementor-setting-key=\"description\">\n<p>S\u00f5ites elektrilise t\u00f5ukerattaga, soovitame kanda kaitsmeid ning kiivrit.<\/p>\n<\/p><\/div>\n<\/p><\/div>\n<\/p><\/div>\n<\/p><\/div>\n<\/p><\/div>\n<\/p><\/div>\n<\/p><\/div>\n<\/p><\/div>\n<\/section>\n<section class=\"xts-negative-gap elementor-section elementor-top-section elementor-element elementor-element-e72f064 elementor-section-boxed elementor-section-height-default elementor-section-height-default xts-section-disabled\" data-id=\"e72f064\" data-element_type=\"section\">\n<div class=\"elementor-container elementor-column-gap-default\">\n<div class=\"elementor-column elementor-col-100 elementor-top-column elementor-element elementor-element-4aef9d7\" data-id=\"4aef9d7\" data-element_type=\"column\">\n<div class=\"elementor-widget-wrap elementor-element-populated\">\n<div class=\"elementor-element elementor-element-8e73ae4 elementor-widget elementor-widget-xts_title\" data-id=\"8e73ae4\" data-element_type=\"widget\" data-widget_type=\"xts_title.default\">\n<div class=\"elementor-widget-container\">\n<div class=\"xts-section-heading xts-reset-mb-10 xts-reset-last xts-textalign-left\" data-animation-delay=\"\">\n<h3 class=\"xts-section-title title xts-design-default xts-textcolor-custom xts-fontsize-l\">\n\t\t\t\t\t\t<span class=\"xts-section-title-text\" data-elementor-setting-key=\"title\"><br \/>\n\t\t\t\t\t\t\tT\u00f5ukerattagarantii\t\t\t\t\t\t<\/span><\/p>\n<\/h3>\n<div class=\"xts-section-desc\">\n<div class=\"xts-section-desc-text xts-reset-all-last\" data-elementor-setting-key=\"description\">\n\t\t\t\t\t\t\t<span style=\"color: #ff0000;\">T\u00f5ukerattagarantii \u2013 t\u00f5ukeratta kerele 2 aastat, akule 6 kuud v\u00f5i l\u00e4bis\u00f5iduni 2000 km olenevalt Sellest, kumb t\u00e4itub varem.<\/span><\/p>\n<p><span style=\"color: #ff0000;\">Toote garantii kaotab kehtivuse, problem z kui na tekkinud kontaktil mistahes vedelikuga. L\u00f5ppkasutaja szczeg\u00f3\u0142owe informacje dotycz\u0105ce zabawnych leiab j\u00e4rgnevalt <span style=\"text-decoration: underline;\"><strong><a style=\"color: #ff0000; text-decoration: underline;\" href=\"https:\/\/dronvictory.com\/pl\/electric-scooter-warranty\/\">lingilt<\/a><\/strong><\/span>.<\/span>\t\t\t\t\t\t<\/div>\n<\/p><\/div>\n<\/p><\/div>\n<\/p><\/div>\n<\/p><\/div>\n<\/p><\/div>\n<\/p><\/div>\n<\/p><\/div>\n<\/section><\/div>","protected":false},"excerpt":{"rendered":"<p>DUALTRON III DUALTRON III &#8211; Parim valik l\u00fchikesteks s\u00f5itudeks linnajoonel on elektrilise t\u00f5ukeratta kasutamine. Mahutist akutoitega mugav ja funktsionaalne s\u00f5iduk on v\u00f5imeline vedama kuni 130 kg kaaluvat reisijat. DUALTRON III on v\u00e4\u00e4rt ostmist just on hinna aga ka mitmete teiste eelistuste p\u00e4rast: Arendab kiirust kuni 65 km \/ h (s\u00f5ltub tuule suunast, s\u00f5itva inimese kaalust [&hellip;]<\/p>","protected":false},"featured_media":780,"template":"","meta":[],"product_cat":[241],"product_tag":[247,243,263],"class_list":{"0":"post-3341","1":"product","2":"type-product","3":"status-publish","4":"has-post-thumbnail","6":"product_brand-minimotors","7":"product_cat-sport-rest","8":"product_tag-dualtron","9":"product_tag-electric-scooter","10":"product_tag-iii","12":"first","13":"instock","14":"product-type-simple"},"_links":{"self":[{"href":"https:\/\/dronvictory.com\/pl\/wp-json\/wp\/v2\/product\/3341","targetHints":{"allow":["GET"]}}],"collection":[{"href":"https:\/\/dronvictory.com\/pl\/wp-json\/wp\/v2\/product"}],"about":[{"href":"https:\/\/dronvictory.com\/pl\/wp-json\/wp\/v2\/types\/product"}],"wp:featuredmedia":[{"embeddable":true,"href":"https:\/\/dronvictory.com\/pl\/wp-json\/wp\/v2\/media\/780"}],"wp:attachment":[{"href":"https:\/\/dronvictory.com\/pl\/wp-json\/wp\/v2\/media?parent=3341"}],"wp:term":[{"taxonomy":"product_cat","embeddable":true,"href":"https:\/\/dronvictory.com\/pl\/wp-json\/wp\/v2\/product_cat?post=3341"},{"taxonomy":"product_tag","embeddable":true,"href":"https:\/\/dronvictory.com\/pl\/wp-json\/wp\/v2\/product_tag?post=3341"}],"curies":[{"name":"wp","href":"https:\/\/api.w.org\/{rel}","templated":true}]}}