{"id":3363,"date":"2025-06-02T07:24:04","date_gmt":"2025-06-02T07:24:04","guid":{"rendered":"http:\/\/localhost:3000\/product\/ecoflow-100w-flexible-solar-panel\/"},"modified":"2025-06-02T07:24:19","modified_gmt":"2025-06-02T07:24:19","slug":"ecoflow-100w-flexible-solar-panel","status":"publish","type":"product","link":"https:\/\/dronvictory.com\/pl\/produkt\/ecoflow-100w-flexible-solar-panel\/","title":{"rendered":"Elastyczny panel s\u0142oneczny EcoFlow 100W"},"content":{"rendered":"<div data-elementor-type=\"wp-post\" data-elementor-id=\"25512\" class=\"elementor elementor-25512 elementor-25511\" data-elementor-post-type=\"product\">\n<section class=\"xts-negative-gap elementor-section elementor-top-section elementor-element elementor-element-c51acd8 elementor-section-boxed elementor-section-height-default elementor-section-height-default xts-section-disabled\" data-id=\"c51acd8\" data-element_type=\"section\">\n<div class=\"elementor-container elementor-column-gap-default\">\n<div class=\"elementor-column elementor-col-100 elementor-top-column elementor-element elementor-element-b3506e2\" data-id=\"b3506e2\" data-element_type=\"column\" data-settings=\"{&quot;background_background&quot;:&quot;slideshow&quot;,&quot;background_slideshow_gallery&quot;:[],&quot;background_slideshow_loop&quot;:&quot;yes&quot;,&quot;background_slideshow_slide_duration&quot;:5000,&quot;background_slideshow_slide_transition&quot;:&quot;fade&quot;,&quot;background_slideshow_transition_duration&quot;:500}\">\n<div class=\"elementor-background-slideshow swiper\" dir=\"rtl\">\n<div class=\"swiper-wrapper\"><\/div>\n<\/div>\n<div class=\"elementor-widget-wrap elementor-element-populated\">\n<div class=\"elementor-element elementor-element-205572a elementor-widget elementor-widget-image\" data-id=\"205572a\" data-element_type=\"widget\" data-widget_type=\"image.default\">\n<div class=\"elementor-widget-container\">\n\t\t\t\t\t\t\t\t\t\t\t\t\t<img fetchpriority=\"high\" decoding=\"async\" width=\"2048\" height=\"1152\" src=\"data:image\/svg+xml,%3Csvg%20%20viewBox='0%200%202048%201152'%3E%3C\/svg%3E\" class=\"attachment-full size-full wp-image-25530\" alt=\"EcoFlow 100W Flexible Solar Panel\" data-lazy-srcset=\"https:\/\/dronvictory.com\/wp-content\/uploads\/2025\/06\/flex-100w-banner.png 2048w, https:\/\/dronvictory.com\/wp-content\/uploads\/2025\/06\/flex-100w-banner-300x169_.png 300w, https:\/\/dronvictory.com\/wp-content\/uploads\/2025\/06\/flex-100w-banner-1000x563_.png 1000w, https:\/\/dronvictory.com\/wp-content\/uploads\/2025\/06\/flex-100w-banner-768x432_.png 768w, https:\/\/dronvictory.com\/wp-content\/uploads\/2025\/06\/flex-100w-banner-1536x864_.png 1536w, https:\/\/dronvictory.com\/wp-content\/uploads\/2025\/06\/flex-100w-banner-700x394_.png 700w, https:\/\/dronvictory.com\/wp-content\/uploads\/2025\/06\/flex-100w-banner-500x281_.png 500w, https:\/\/dronvictory.com\/wp-content\/uploads\/2025\/06\/flex-100w-banner-1320x743_.png 1320w\" data-lazy-sizes=\"(max-width: 2048px) 100vw, 2048px\" data-lazy-src=\"https:\/\/dronvictory.com\/wp-content\/uploads\/2025\/06\/flex-100w-banner.png\"><noscript><img loading=\"lazy\" decoding=\"async\" width=\"2048\" height=\"1152\" src=\"https:\/\/dronvictory.com\/wp-content\/uploads\/2025\/06\/flex-100w-banner.png\" class=\"attachment-full size-full wp-image-25530\" alt=\"EcoFlow 100W Flexible Solar Panel\" srcset=\"https:\/\/dronvictory.com\/wp-content\/uploads\/2025\/06\/flex-100w-banner.png 2048w, https:\/\/dronvictory.com\/wp-content\/uploads\/2025\/06\/flex-100w-banner-300x169_.png 300w, https:\/\/dronvictory.com\/wp-content\/uploads\/2025\/06\/flex-100w-banner-1000x563_.png 1000w, https:\/\/dronvictory.com\/wp-content\/uploads\/2025\/06\/flex-100w-banner-768x432_.png 768w, https:\/\/dronvictory.com\/wp-content\/uploads\/2025\/06\/flex-100w-banner-1536x864_.png 1536w, https:\/\/dronvictory.com\/wp-content\/uploads\/2025\/06\/flex-100w-banner-700x394_.png 700w, https:\/\/dronvictory.com\/wp-content\/uploads\/2025\/06\/flex-100w-banner-500x281_.png 500w, https:\/\/dronvictory.com\/wp-content\/uploads\/2025\/06\/flex-100w-banner-1320x743_.png 1320w\" sizes=\"auto, (max-width: 2048px) 100vw, 2048px\" \/><\/noscript>\t\t\t\t\t\t\t\t\t\t\t\t\t<\/div>\n<\/p><\/div>\n<\/p><\/div>\n<\/p><\/div>\n<\/p><\/div>\n<\/section>\n<section class=\"xts-negative-gap elementor-section elementor-top-section elementor-element elementor-element-cfa7033 elementor-section-boxed elementor-section-height-default elementor-section-height-default xts-section-disabled\" data-id=\"cfa7033\" data-element_type=\"section\">\n<div class=\"elementor-container elementor-column-gap-default\">\n<div class=\"elementor-column elementor-col-100 elementor-top-column elementor-element elementor-element-9b4726c\" data-id=\"9b4726c\" data-element_type=\"column\">\n<div class=\"elementor-widget-wrap elementor-element-populated\">\n<div class=\"elementor-element elementor-element-e0e7376 elementor-widget elementor-widget-xts_title\" data-id=\"e0e7376\" data-element_type=\"widget\" data-widget_type=\"xts_title.default\">\n<div class=\"elementor-widget-container\">\n<div class=\"xts-section-heading xts-reset-mb-10 xts-reset-last xts-textalign-center\" data-animation-delay=\"\">\n<div class=\"xts-section-desc\">\n<div class=\"xts-section-desc-text xts-reset-all-last\" data-elementor-setting-key=\"description\">\n<p>Elastyczny panel s\u0142oneczny Ecoflow 100 W to optymalne rozwi\u0105zanie do monta\u017cu na r\u00f3\u017cnych zakrzywionych powierzchniach, takich jak przyczepy kempingowe typu teardrop lub przednie cz\u0119\u015bci dach\u00f3w przyczep samochodowych. Model EcoFlow 100 W charakteryzuje si\u0119 nie tylko wyj\u0105tkowo elastyczn\u0105 konstrukcj\u0105, ale tak\u017ce trwa\u0142o\u015bci\u0105, wysok\u0105 wydajno\u015bci\u0105 i dobr\u0105 ochron\u0105 przed wod\u0105 i kurzem. Jest kompatybilny z wieloma elementami solarnymi poza sieci\u0105, w tym innymi markami.<\/p>\n<\/p><\/div>\n<\/p><\/div>\n<\/p><\/div>\n<\/p><\/div>\n<\/p><\/div>\n<\/p><\/div>\n<\/p><\/div>\n<\/p><\/div>\n<\/section>\n<section class=\"xts-negative-gap elementor-section elementor-top-section elementor-element elementor-element-55b1a23 elementor-section-boxed elementor-section-height-default elementor-section-height-default xts-section-disabled\" data-id=\"55b1a23\" data-element_type=\"section\">\n<div class=\"elementor-container elementor-column-gap-default\">\n<div class=\"elementor-column elementor-col-100 elementor-top-column elementor-element elementor-element-77e7917\" data-id=\"77e7917\" data-element_type=\"column\" data-settings=\"{&quot;background_background&quot;:&quot;slideshow&quot;,&quot;background_slideshow_gallery&quot;:[],&quot;background_slideshow_loop&quot;:&quot;yes&quot;,&quot;background_slideshow_slide_duration&quot;:5000,&quot;background_slideshow_slide_transition&quot;:&quot;fade&quot;,&quot;background_slideshow_transition_duration&quot;:500}\">\n<div class=\"elementor-background-slideshow swiper\" dir=\"rtl\">\n<div class=\"swiper-wrapper\"><\/div>\n<\/div>\n<div class=\"elementor-widget-wrap elementor-element-populated\">\n<div class=\"elementor-element elementor-element-a9a3631 elementor-widget elementor-widget-image\" data-id=\"a9a3631\" data-element_type=\"widget\" data-widget_type=\"image.default\">\n<div class=\"elementor-widget-container\">\n\t\t\t\t\t\t\t\t\t\t\t\t\t<img decoding=\"async\" width=\"1120\" height=\"630\" src=\"data:image\/svg+xml,%3Csvg%20%20viewBox='0%200%201120%20630'%3E%3C\/svg%3E\" class=\"attachment-full size-full wp-image-25543\" alt=\"EcoFlow 100W Flexible Solar Panel\" data-lazy-srcset=\"https:\/\/dronvictory.com\/wp-content\/uploads\/2025\/06\/flex-100w-section1_.jpg 1120w, https:\/\/dronvictory.com\/wp-content\/uploads\/2025\/06\/flex-100w-section1-300x169_.jpg 300w, https:\/\/dronvictory.com\/wp-content\/uploads\/2025\/06\/flex-100w-section1-1000x563_.jpg 1000w, https:\/\/dronvictory.com\/wp-content\/uploads\/2025\/06\/flex-100w-section1-768x432_.jpg 768w, https:\/\/dronvictory.com\/wp-content\/uploads\/2025\/06\/flex-100w-section1-700x394_.jpg 700w, https:\/\/dronvictory.com\/wp-content\/uploads\/2025\/06\/flex-100w-section1-500x281_.jpg 500w\" data-lazy-sizes=\"(max-width: 1120px) 100vw, 1120px\" data-lazy-src=\"https:\/\/dronvictory.com\/wp-content\/uploads\/2025\/06\/flex-100w-section1_.jpg\"><noscript><img loading=\"lazy\" decoding=\"async\" width=\"1120\" height=\"630\" src=\"https:\/\/dronvictory.com\/wp-content\/uploads\/2025\/06\/flex-100w-section1_.jpg\" class=\"attachment-full size-full wp-image-25543\" alt=\"EcoFlow 100W Flexible Solar Panel\" srcset=\"https:\/\/dronvictory.com\/wp-content\/uploads\/2025\/06\/flex-100w-section1_.jpg 1120w, https:\/\/dronvictory.com\/wp-content\/uploads\/2025\/06\/flex-100w-section1-300x169_.jpg 300w, https:\/\/dronvictory.com\/wp-content\/uploads\/2025\/06\/flex-100w-section1-1000x563_.jpg 1000w, https:\/\/dronvictory.com\/wp-content\/uploads\/2025\/06\/flex-100w-section1-768x432_.jpg 768w, https:\/\/dronvictory.com\/wp-content\/uploads\/2025\/06\/flex-100w-section1-700x394_.jpg 700w, https:\/\/dronvictory.com\/wp-content\/uploads\/2025\/06\/flex-100w-section1-500x281_.jpg 500w\" sizes=\"auto, (max-width: 1120px) 100vw, 1120px\" \/><\/noscript>\t\t\t\t\t\t\t\t\t\t\t\t\t<\/div>\n<\/p><\/div>\n<\/p><\/div>\n<\/p><\/div>\n<\/p><\/div>\n<\/section>\n<section class=\"xts-negative-gap elementor-section elementor-top-section elementor-element elementor-element-cedb970 elementor-section-boxed elementor-section-height-default elementor-section-height-default xts-section-disabled\" data-id=\"cedb970\" data-element_type=\"section\">\n<div class=\"elementor-container elementor-column-gap-default\">\n<div class=\"elementor-column elementor-col-50 elementor-top-column elementor-element elementor-element-f09303f\" data-id=\"f09303f\" data-element_type=\"column\">\n<div class=\"elementor-widget-wrap elementor-element-populated\">\n<div class=\"elementor-element elementor-element-4690bef elementor-widget elementor-widget-image\" data-id=\"4690bef\" data-element_type=\"widget\" data-widget_type=\"image.default\">\n<div class=\"elementor-widget-container\">\n\t\t\t\t\t\t\t\t\t\t\t\t\t<img decoding=\"async\" width=\"1000\" height=\"851\" src=\"data:image\/svg+xml,%3Csvg%20%20viewBox='0%200%201000%20851'%3E%3C\/svg%3E\" class=\"attachment-large size-large wp-image-25539\" alt=\"EcoFlow 100W Flexible Solar Panel\" data-lazy-srcset=\"https:\/\/dronvictory.com\/wp-content\/uploads\/2025\/06\/flex-100w-section2-1000x851_.png 1000w, https:\/\/dronvictory.com\/wp-content\/uploads\/2025\/06\/flex-100w-section2-300x255_.png 300w, https:\/\/dronvictory.com\/wp-content\/uploads\/2025\/06\/flex-100w-section2-768x654_.png 768w, https:\/\/dronvictory.com\/wp-content\/uploads\/2025\/06\/flex-100w-section2-700x596_.png 700w, https:\/\/dronvictory.com\/wp-content\/uploads\/2025\/06\/flex-100w-section2-500x426_.png 500w, https:\/\/dronvictory.com\/wp-content\/uploads\/2025\/06\/flex-100w-section2_.png 1400w\" data-lazy-sizes=\"(max-width: 1000px) 100vw, 1000px\" data-lazy-src=\"https:\/\/dronvictory.com\/wp-content\/uploads\/2025\/06\/flex-100w-section2-1000x851_.png\"><noscript><img loading=\"lazy\" decoding=\"async\" width=\"1000\" height=\"851\" src=\"https:\/\/dronvictory.com\/wp-content\/uploads\/2025\/06\/flex-100w-section2-1000x851_.png\" class=\"attachment-large size-large wp-image-25539\" alt=\"EcoFlow 100W Flexible Solar Panel\" srcset=\"https:\/\/dronvictory.com\/wp-content\/uploads\/2025\/06\/flex-100w-section2-1000x851_.png 1000w, https:\/\/dronvictory.com\/wp-content\/uploads\/2025\/06\/flex-100w-section2-300x255_.png 300w, https:\/\/dronvictory.com\/wp-content\/uploads\/2025\/06\/flex-100w-section2-768x654_.png 768w, https:\/\/dronvictory.com\/wp-content\/uploads\/2025\/06\/flex-100w-section2-700x596_.png 700w, https:\/\/dronvictory.com\/wp-content\/uploads\/2025\/06\/flex-100w-section2-500x426_.png 500w, https:\/\/dronvictory.com\/wp-content\/uploads\/2025\/06\/flex-100w-section2_.png 1400w\" sizes=\"auto, (max-width: 1000px) 100vw, 1000px\" \/><\/noscript>\t\t\t\t\t\t\t\t\t\t\t\t\t<\/div>\n<\/p><\/div>\n<div class=\"elementor-element elementor-element-372ff10 elementor-widget elementor-widget-xts_title\" data-id=\"372ff10\" data-element_type=\"widget\" data-widget_type=\"xts_title.default\">\n<div class=\"elementor-widget-container\">\n<div class=\"xts-section-heading xts-reset-mb-10 xts-reset-last xts-textalign-left\" data-animation-delay=\"\">\n<h3 class=\"xts-section-title title xts-design-default xts-fontsize-l\">\n\t\t\t\t\t\t<span class=\"xts-section-title-text\" data-elementor-setting-key=\"title\"><br \/>\n\t\t\t\t\t\t\tMo\u017cna zainstalowa\u0107 w dowolnym miejscu\t\t\t\t\t\t<\/span><\/p>\n<\/h3>\n<div class=\"xts-section-desc\">\n<div class=\"xts-section-desc-text xts-reset-all-last\" data-elementor-setting-key=\"description\">\n<p style=\"text-align: center;\">Inteligentny panel dystrybucyjny mo\u017cna zamontowa\u0107 na \u015bcianie<\/p>\n<\/p><\/div>\n<\/p><\/div>\n<\/p><\/div>\n<\/p><\/div>\n<\/p><\/div>\n<\/p><\/div>\n<\/p><\/div>\n<div class=\"elementor-column elementor-col-50 elementor-top-column elementor-element elementor-element-e8bb18a\" data-id=\"e8bb18a\" data-element_type=\"column\">\n<div class=\"elementor-widget-wrap elementor-element-populated\">\n<div class=\"elementor-element elementor-element-023a04e elementor-widget elementor-widget-image\" data-id=\"023a04e\" data-element_type=\"widget\" data-widget_type=\"image.default\">\n<div class=\"elementor-widget-container\">\n\t\t\t\t\t\t\t\t\t\t\t\t\t<img loading=\"lazy\" decoding=\"async\" width=\"1000\" height=\"851\" src=\"data:image\/svg+xml,%3Csvg%20%20viewBox='0%200%201000%20851'%3E%3C\/svg%3E\" class=\"attachment-large size-large wp-image-25536\" alt=\"EcoFlow 100W Flexible Solar Panel\" data-lazy-srcset=\"https:\/\/dronvictory.com\/wp-content\/uploads\/2025\/06\/flex-100w-section3-1000x851_.png 1000w, https:\/\/dronvictory.com\/wp-content\/uploads\/2025\/06\/flex-100w-section3-300x255_.png 300w, https:\/\/dronvictory.com\/wp-content\/uploads\/2025\/06\/flex-100w-section3-768x654_.png 768w, https:\/\/dronvictory.com\/wp-content\/uploads\/2025\/06\/flex-100w-section3-700x596_.png 700w, https:\/\/dronvictory.com\/wp-content\/uploads\/2025\/06\/flex-100w-section3-500x426_.png 500w, https:\/\/dronvictory.com\/wp-content\/uploads\/2025\/06\/flex-100w-section3_.png 1400w\" data-lazy-sizes=\"(max-width: 1000px) 100vw, 1000px\" data-lazy-src=\"https:\/\/dronvictory.com\/wp-content\/uploads\/2025\/06\/flex-100w-section3-1000x851_.png\"><noscript><img loading=\"lazy\" decoding=\"async\" width=\"1000\" height=\"851\" src=\"https:\/\/dronvictory.com\/wp-content\/uploads\/2025\/06\/flex-100w-section3-1000x851_.png\" class=\"attachment-large size-large wp-image-25536\" alt=\"EcoFlow 100W Flexible Solar Panel\" srcset=\"https:\/\/dronvictory.com\/wp-content\/uploads\/2025\/06\/flex-100w-section3-1000x851_.png 1000w, https:\/\/dronvictory.com\/wp-content\/uploads\/2025\/06\/flex-100w-section3-300x255_.png 300w, https:\/\/dronvictory.com\/wp-content\/uploads\/2025\/06\/flex-100w-section3-768x654_.png 768w, https:\/\/dronvictory.com\/wp-content\/uploads\/2025\/06\/flex-100w-section3-700x596_.png 700w, https:\/\/dronvictory.com\/wp-content\/uploads\/2025\/06\/flex-100w-section3-500x426_.png 500w, https:\/\/dronvictory.com\/wp-content\/uploads\/2025\/06\/flex-100w-section3_.png 1400w\" sizes=\"auto, (max-width: 1000px) 100vw, 1000px\" \/><\/noscript>\t\t\t\t\t\t\t\t\t\t\t\t\t<\/div>\n<\/p><\/div>\n<div class=\"elementor-element elementor-element-2ba02b8 elementor-widget elementor-widget-xts_title\" data-id=\"2ba02b8\" data-element_type=\"widget\" data-widget_type=\"xts_title.default\">\n<div class=\"elementor-widget-container\">\n<div class=\"xts-section-heading xts-reset-mb-10 xts-reset-last xts-textalign-left\" data-animation-delay=\"\">\n<h3 class=\"xts-section-title title xts-design-default xts-fontsize-l\">\n\t\t\t\t\t\t<span class=\"xts-section-title-text\" data-elementor-setting-key=\"title\"><br \/>\n\t\t\t\t\t\t\tZaprojektowany dla produkt\u00f3w EcoFlow\t\t\t\t\t\t<\/span><\/p>\n<\/h3>\n<div class=\"xts-section-desc\">\n<div class=\"xts-section-desc-text xts-reset-all-last\" data-elementor-setting-key=\"description\">\n<p style=\"text-align: center;\">Elastyczny panel EcoFlow 100W mo\u017cna stosowa\u0107 w po\u0142\u0105czeniu ze stacjami \u0142adowania EcoFlow, takimi jak DELTA Max, aby wytwarza\u0107 czyst\u0105 energi\u0119.<\/p>\n<\/p><\/div>\n<\/p><\/div>\n<\/p><\/div>\n<\/p><\/div>\n<\/p><\/div>\n<\/p><\/div>\n<\/p><\/div>\n<\/p><\/div>\n<\/section>\n<section class=\"xts-negative-gap elementor-section elementor-top-section elementor-element elementor-element-ad079c1 elementor-section-boxed elementor-section-height-default elementor-section-height-default xts-section-disabled\" data-id=\"ad079c1\" data-element_type=\"section\">\n<div class=\"elementor-container elementor-column-gap-default\">\n<div class=\"elementor-column elementor-col-100 elementor-top-column elementor-element elementor-element-c297bbb\" data-id=\"c297bbb\" data-element_type=\"column\" data-settings=\"{&quot;background_background&quot;:&quot;slideshow&quot;,&quot;background_slideshow_gallery&quot;:[],&quot;background_slideshow_loop&quot;:&quot;yes&quot;,&quot;background_slideshow_slide_duration&quot;:5000,&quot;background_slideshow_slide_transition&quot;:&quot;fade&quot;,&quot;background_slideshow_transition_duration&quot;:500}\">\n<div class=\"elementor-background-slideshow swiper\" dir=\"rtl\">\n<div class=\"swiper-wrapper\"><\/div>\n<\/div>\n<div class=\"elementor-widget-wrap elementor-element-populated\">\n<div class=\"elementor-element elementor-element-fff2252 elementor-widget elementor-widget-image\" data-id=\"fff2252\" data-element_type=\"widget\" data-widget_type=\"image.default\">\n<div class=\"elementor-widget-container\">\n\t\t\t\t\t\t\t\t\t\t\t\t\t<img loading=\"lazy\" decoding=\"async\" width=\"1120\" height=\"630\" src=\"data:image\/svg+xml,%3Csvg%20%20viewBox='0%200%201120%20630'%3E%3C\/svg%3E\" class=\"attachment-full size-full wp-image-25533\" alt=\"EcoFlow 100W Flexible Solar Panel\" data-lazy-srcset=\"https:\/\/dronvictory.com\/wp-content\/uploads\/2025\/06\/flex-100w-section4_.jpg 1120w, https:\/\/dronvictory.com\/wp-content\/uploads\/2025\/06\/flex-100w-section4-300x169_.jpg 300w, https:\/\/dronvictory.com\/wp-content\/uploads\/2025\/06\/flex-100w-section4-1000x563_.jpg 1000w, https:\/\/dronvictory.com\/wp-content\/uploads\/2025\/06\/flex-100w-section4-768x432_.jpg 768w, https:\/\/dronvictory.com\/wp-content\/uploads\/2025\/06\/flex-100w-section4-700x394_.jpg 700w, https:\/\/dronvictory.com\/wp-content\/uploads\/2025\/06\/flex-100w-section4-500x281_.jpg 500w\" data-lazy-sizes=\"(max-width: 1120px) 100vw, 1120px\" data-lazy-src=\"https:\/\/dronvictory.com\/wp-content\/uploads\/2025\/06\/flex-100w-section4_.jpg\"><noscript><img loading=\"lazy\" decoding=\"async\" width=\"1120\" height=\"630\" src=\"https:\/\/dronvictory.com\/wp-content\/uploads\/2025\/06\/flex-100w-section4_.jpg\" class=\"attachment-full size-full wp-image-25533\" alt=\"EcoFlow 100W Flexible Solar Panel\" srcset=\"https:\/\/dronvictory.com\/wp-content\/uploads\/2025\/06\/flex-100w-section4_.jpg 1120w, https:\/\/dronvictory.com\/wp-content\/uploads\/2025\/06\/flex-100w-section4-300x169_.jpg 300w, https:\/\/dronvictory.com\/wp-content\/uploads\/2025\/06\/flex-100w-section4-1000x563_.jpg 1000w, https:\/\/dronvictory.com\/wp-content\/uploads\/2025\/06\/flex-100w-section4-768x432_.jpg 768w, https:\/\/dronvictory.com\/wp-content\/uploads\/2025\/06\/flex-100w-section4-700x394_.jpg 700w, https:\/\/dronvictory.com\/wp-content\/uploads\/2025\/06\/flex-100w-section4-500x281_.jpg 500w\" sizes=\"auto, (max-width: 1120px) 100vw, 1120px\" \/><\/noscript>\t\t\t\t\t\t\t\t\t\t\t\t\t<\/div>\n<\/p><\/div>\n<\/p><\/div>\n<\/p><\/div>\n<\/p><\/div>\n<\/section>\n<section class=\"xts-negative-gap elementor-section elementor-top-section elementor-element elementor-element-eaa850e elementor-section-boxed elementor-section-height-default elementor-section-height-default xts-section-disabled\" data-id=\"eaa850e\" data-element_type=\"section\">\n<div class=\"elementor-container elementor-column-gap-default\">\n<div class=\"elementor-column elementor-col-100 elementor-top-column elementor-element elementor-element-d3226db\" data-id=\"d3226db\" data-element_type=\"column\">\n<div class=\"elementor-widget-wrap elementor-element-populated\">\n<div class=\"elementor-element elementor-element-10c3f05 elementor-widget elementor-widget-xts_title\" data-id=\"10c3f05\" data-element_type=\"widget\" data-widget_type=\"xts_title.default\">\n<div class=\"elementor-widget-container\">\n<div class=\"xts-section-heading xts-reset-mb-10 xts-reset-last xts-textalign-center\" data-animation-delay=\"\">\n<h3 class=\"xts-section-title title xts-design-default xts-fontsize-l\">\n\t\t\t\t\t\t<span class=\"xts-section-title-text\" data-elementor-setting-key=\"title\"><br \/>\n\t\t\t\t\t\t\tWykonane z wysoce wydajnych ogniw monokrystalicznych\t\t\t\t\t\t<\/span><\/p>\n<\/h3>\n<div class=\"xts-section-desc\">\n<div class=\"xts-section-desc-text xts-reset-all-last\" data-elementor-setting-key=\"description\">\n<p>Nasz elastyczny panel s\u0142oneczny o mocy 100 W ma doskona\u0142\u0105 wydajno\u015b\u0107 23%, co pozwala na jeszcze szybsze \u0142adowanie. Zintegrowane diody obej\u015bciowe panelu zapobiegaj\u0105 przegrzaniu, utrzymuj\u0105c jednocze\u015bnie wydajno\u015b\u0107 ogniw nawet w zacienionych miejscach. Po\u0142\u0105cz jako cz\u0119\u015b\u0107 zestawu Power Kits lub przeno\u015bnej stacji zasilania EcoFlow, a zintegrowany algorytm MPPT zoptymalizuje Twoje wej\u015bcie s\u0142oneczne. <\/p>\n<\/p><\/div>\n<\/p><\/div>\n<\/p><\/div>\n<\/p><\/div>\n<\/p><\/div>\n<\/p><\/div>\n<\/p><\/div>\n<\/p><\/div>\n<\/section><\/div>","protected":false},"excerpt":{"rendered":"<p>Elastyczny panel s\u0142oneczny EcoFlow 100W<\/p>\n<ul>\n<li>Lekki<\/li>\n<li>Elastyczny<\/li>\n<li>Odporny na warunki atmosferyczne<\/li>\n<li>Uniwersalnie kompatybilny<\/li>\n<\/ul>","protected":false},"featured_media":1562,"template":"","meta":[],"product_cat":[288,298],"product_tag":[299,292,302,301],"class_list":{"0":"post-3363","1":"product","2":"type-product","3":"status-publish","4":"has-post-thumbnail","6":"product_brand-ecoflow","7":"product_cat-power-banks-ecoflow","8":"product_cat-solar-panels","9":"product_tag-100w","10":"product_tag-ecoflow","11":"product_tag-flexible","12":"product_tag-solar-panel","14":"first","15":"instock","16":"product-type-simple"},"_links":{"self":[{"href":"https:\/\/dronvictory.com\/pl\/wp-json\/wp\/v2\/product\/3363","targetHints":{"allow":["GET"]}}],"collection":[{"href":"https:\/\/dronvictory.com\/pl\/wp-json\/wp\/v2\/product"}],"about":[{"href":"https:\/\/dronvictory.com\/pl\/wp-json\/wp\/v2\/types\/product"}],"wp:featuredmedia":[{"embeddable":true,"href":"https:\/\/dronvictory.com\/pl\/wp-json\/wp\/v2\/media\/1562"}],"wp:attachment":[{"href":"https:\/\/dronvictory.com\/pl\/wp-json\/wp\/v2\/media?parent=3363"}],"wp:term":[{"taxonomy":"product_cat","embeddable":true,"href":"https:\/\/dronvictory.com\/pl\/wp-json\/wp\/v2\/product_cat?post=3363"},{"taxonomy":"product_tag","embeddable":true,"href":"https:\/\/dronvictory.com\/pl\/wp-json\/wp\/v2\/product_tag?post=3363"}],"curies":[{"name":"wp","href":"https:\/\/api.w.org\/{rel}","templated":true}]}}